{"id":8085,"date":"2022-08-19T14:10:33","date_gmt":"2022-08-19T12:10:33","guid":{"rendered":"https:\/\/www.bowling-media.com\/mentions-legales\/"},"modified":"2026-04-08T09:04:25","modified_gmt":"2026-04-08T07:04:25","slug":"aviso-legal","status":"publish","type":"page","link":"https:\/\/www.bowling-media.com\/es\/aviso-legal\/","title":{"rendered":"Aviso legal"},"content":{"rendered":"<div class=\"wpb-content-wrapper\"><p>[vc_row][vc_column][vc_column_text css=\u00bb\u00bb]<\/p>\n<h1>Aviso legal<\/h1>\n<h2>\u00bfQui\u00e9nes somos?<\/h2>\n<p><strong>SPRL Bowling Media<\/strong><\/p>\n<p>Sistema de se\u00f1alizaci\u00f3n digital a medida para tu centro de ocio y bolera<\/p>\n<p><strong>Misi\u00f3n<\/strong><\/p>\n<p>Dinamizar tu centro de ocio y tu bolera con un sistema de se\u00f1alizaci\u00f3n digital a medida, gestionado por un potente software de difusi\u00f3n de contenidos.<\/p>\n<p><strong>Contacto<\/strong><\/p>\n<p>SPRL Bowling Media<\/p>\n<p>rue de la Centrale, 9A<\/p>\n<p>5190 Jemeppe-Sur-Sambre<\/p>\n<p>+32 71 18 69 85<\/p>\n<p>info@bowling-media.com<\/p>\n<p>BE 0693.708.762<\/p>\n<p>SPRL Bowling Media se compromete a respetar la legislaci\u00f3n vigente en B\u00e9lgica y en Europa y hace todo lo posible para impedir cualquier uso no autorizado o il\u00edcito de sus datos personales. Con este fin, utilizamos procedimientos y sistemas adecuados para que solo las personas autorizadas puedan acceder a su informaci\u00f3n. Adem\u00e1s, le recordamos que estas personas est\u00e1n sujetas a un deber de confidencialidad en el marco de sus funciones.[\/vc_column_text][\/vc_column][\/vc_row]<\/p>\n<\/div>","protected":false},"excerpt":{"rendered":"<p>[vc_row][vc_column][vc_column_text css=\u00bb\u00bb] Aviso legal \u00bfQui\u00e9nes somos? SPRL Bowling Media Sistema de se\u00f1alizaci\u00f3n digital a medida para tu centro de ocio y bolera Misi\u00f3n Dinamizar tu centro de ocio y tu bolera con un sistema de se\u00f1alizaci\u00f3n digital a medida, gestionado por un potente software de difusi\u00f3n de contenidos. Contacto SPRL Bowling Media rue de la&hellip;<\/p>\n","protected":false},"author":1,"featured_media":0,"parent":0,"menu_order":1000,"comment_status":"closed","ping_status":"closed","template":"","meta":{"inline_featured_image":false,"footnotes":""},"class_list":["post-8085","page","type-page","status-publish","hentry","description-off"],"yoast_head":"<!-- This site is optimized with the Yoast SEO plugin v27.4 - https:\/\/yoast.com\/product\/yoast-seo-wordpress\/ -->\n<title>Aviso legal | Bowling Media<\/title>\n<meta name=\"robots\" content=\"index, follow, max-snippet:-1, max-image-preview:large, max-video-preview:-1\" \/>\n<link rel=\"canonical\" href=\"https:\/\/www.bowling-media.com\/es\/aviso-legal\/\" \/>\n<meta property=\"og:locale\" content=\"es_ES\" \/>\n<meta property=\"og:type\" content=\"article\" \/>\n<meta property=\"og:title\" content=\"Aviso legal | Bowling Media\" \/>\n<meta property=\"og:description\" content=\"[vc_row][vc_column][vc_column_text css=\u00bb\u00bb] Aviso legal \u00bfQui\u00e9nes somos? SPRL Bowling Media Sistema de se\u00f1alizaci\u00f3n digital a medida para tu centro de ocio y bolera Misi\u00f3n Dinamizar tu centro de ocio y tu bolera con un sistema de se\u00f1alizaci\u00f3n digital a medida, gestionado por un potente software de difusi\u00f3n de contenidos. Contacto SPRL Bowling Media rue de la&hellip;\" \/>\n<meta property=\"og:url\" content=\"https:\/\/www.bowling-media.com\/es\/aviso-legal\/\" \/>\n<meta property=\"og:site_name\" content=\"Bowling Media\" \/>\n<meta property=\"article:publisher\" content=\"https:\/\/www.facebook.com\/bowlingmedia\" \/>\n<meta property=\"article:modified_time\" content=\"2026-04-08T07:04:25+00:00\" \/>\n<meta property=\"og:image\" content=\"https:\/\/www.bowling-media.com\/wp-content\/uploads\/2023\/06\/BOWLING-MEDIA-image_12.jpg\" \/>\n\t<meta property=\"og:image:width\" content=\"1920\" \/>\n\t<meta property=\"og:image:height\" content=\"694\" \/>\n\t<meta property=\"og:image:type\" content=\"image\/jpeg\" \/>\n<meta name=\"twitter:card\" content=\"summary_large_image\" \/>\n<meta name=\"twitter:label1\" content=\"Tiempo de lectura\" \/>\n\t<meta name=\"twitter:data1\" content=\"1 minuto\" \/>\n<script type=\"application\/ld+json\" class=\"yoast-schema-graph\">{\"@context\":\"https:\\\/\\\/schema.org\",\"@graph\":[{\"@type\":\"WebPage\",\"@id\":\"https:\\\/\\\/www.bowling-media.com\\\/es\\\/aviso-legal\\\/\",\"url\":\"https:\\\/\\\/www.bowling-media.com\\\/es\\\/aviso-legal\\\/\",\"name\":\"Aviso legal | Bowling Media\",\"isPartOf\":{\"@id\":\"https:\\\/\\\/www.bowling-media.com\\\/es\\\/#website\"},\"datePublished\":\"2022-08-19T12:10:33+00:00\",\"dateModified\":\"2026-04-08T07:04:25+00:00\",\"breadcrumb\":{\"@id\":\"https:\\\/\\\/www.bowling-media.com\\\/es\\\/aviso-legal\\\/#breadcrumb\"},\"inLanguage\":\"es\",\"potentialAction\":[{\"@type\":\"ReadAction\",\"target\":[\"https:\\\/\\\/www.bowling-media.com\\\/es\\\/aviso-legal\\\/\"]}]},{\"@type\":\"BreadcrumbList\",\"@id\":\"https:\\\/\\\/www.bowling-media.com\\\/es\\\/aviso-legal\\\/#breadcrumb\",\"itemListElement\":[{\"@type\":\"ListItem\",\"position\":1,\"name\":\"Accueil\",\"item\":\"https:\\\/\\\/www.bowling-media.com\\\/es\\\/\"},{\"@type\":\"ListItem\",\"position\":2,\"name\":\"Aviso legal\"}]},{\"@type\":\"WebSite\",\"@id\":\"https:\\\/\\\/www.bowling-media.com\\\/es\\\/#website\",\"url\":\"https:\\\/\\\/www.bowling-media.com\\\/es\\\/\",\"name\":\"Bowling Media\",\"description\":\"\",\"publisher\":{\"@id\":\"https:\\\/\\\/www.bowling-media.com\\\/es\\\/#organization\"},\"potentialAction\":[{\"@type\":\"SearchAction\",\"target\":{\"@type\":\"EntryPoint\",\"urlTemplate\":\"https:\\\/\\\/www.bowling-media.com\\\/es\\\/?s={search_term_string}\"},\"query-input\":{\"@type\":\"PropertyValueSpecification\",\"valueRequired\":true,\"valueName\":\"search_term_string\"}}],\"inLanguage\":\"es\"},{\"@type\":\"Organization\",\"@id\":\"https:\\\/\\\/www.bowling-media.com\\\/es\\\/#organization\",\"name\":\"Bowling Media\",\"url\":\"https:\\\/\\\/www.bowling-media.com\\\/es\\\/\",\"logo\":{\"@type\":\"ImageObject\",\"inLanguage\":\"es\",\"@id\":\"https:\\\/\\\/www.bowling-media.com\\\/es\\\/#\\\/schema\\\/logo\\\/image\\\/\",\"url\":\"https:\\\/\\\/www.bowling-media.com\\\/wp-content\\\/uploads\\\/2023\\\/06\\\/bowling-media-color-2x.png\",\"contentUrl\":\"https:\\\/\\\/www.bowling-media.com\\\/wp-content\\\/uploads\\\/2023\\\/06\\\/bowling-media-color-2x.png\",\"width\":350,\"height\":90,\"caption\":\"Bowling Media\"},\"image\":{\"@id\":\"https:\\\/\\\/www.bowling-media.com\\\/es\\\/#\\\/schema\\\/logo\\\/image\\\/\"},\"sameAs\":[\"https:\\\/\\\/www.facebook.com\\\/bowlingmedia\"]}]}<\/script>\n<!-- \/ Yoast SEO plugin. -->","yoast_head_json":{"title":"Aviso legal | Bowling Media","robots":{"index":"index","follow":"follow","max-snippet":"max-snippet:-1","max-image-preview":"max-image-preview:large","max-video-preview":"max-video-preview:-1"},"canonical":"https:\/\/www.bowling-media.com\/es\/aviso-legal\/","og_locale":"es_ES","og_type":"article","og_title":"Aviso legal | Bowling Media","og_description":"[vc_row][vc_column][vc_column_text css=\u00bb\u00bb] Aviso legal \u00bfQui\u00e9nes somos? SPRL Bowling Media Sistema de se\u00f1alizaci\u00f3n digital a medida para tu centro de ocio y bolera Misi\u00f3n Dinamizar tu centro de ocio y tu bolera con un sistema de se\u00f1alizaci\u00f3n digital a medida, gestionado por un potente software de difusi\u00f3n de contenidos. Contacto SPRL Bowling Media rue de la&hellip;","og_url":"https:\/\/www.bowling-media.com\/es\/aviso-legal\/","og_site_name":"Bowling Media","article_publisher":"https:\/\/www.facebook.com\/bowlingmedia","article_modified_time":"2026-04-08T07:04:25+00:00","og_image":[{"width":1920,"height":694,"url":"https:\/\/www.bowling-media.com\/wp-content\/uploads\/2023\/06\/BOWLING-MEDIA-image_12.jpg","type":"image\/jpeg"}],"twitter_card":"summary_large_image","twitter_misc":{"Tiempo de lectura":"1 minuto"},"schema":{"@context":"https:\/\/schema.org","@graph":[{"@type":"WebPage","@id":"https:\/\/www.bowling-media.com\/es\/aviso-legal\/","url":"https:\/\/www.bowling-media.com\/es\/aviso-legal\/","name":"Aviso legal | Bowling Media","isPartOf":{"@id":"https:\/\/www.bowling-media.com\/es\/#website"},"datePublished":"2022-08-19T12:10:33+00:00","dateModified":"2026-04-08T07:04:25+00:00","breadcrumb":{"@id":"https:\/\/www.bowling-media.com\/es\/aviso-legal\/#breadcrumb"},"inLanguage":"es","potentialAction":[{"@type":"ReadAction","target":["https:\/\/www.bowling-media.com\/es\/aviso-legal\/"]}]},{"@type":"BreadcrumbList","@id":"https:\/\/www.bowling-media.com\/es\/aviso-legal\/#breadcrumb","itemListElement":[{"@type":"ListItem","position":1,"name":"Accueil","item":"https:\/\/www.bowling-media.com\/es\/"},{"@type":"ListItem","position":2,"name":"Aviso legal"}]},{"@type":"WebSite","@id":"https:\/\/www.bowling-media.com\/es\/#website","url":"https:\/\/www.bowling-media.com\/es\/","name":"Bowling Media","description":"","publisher":{"@id":"https:\/\/www.bowling-media.com\/es\/#organization"},"potentialAction":[{"@type":"SearchAction","target":{"@type":"EntryPoint","urlTemplate":"https:\/\/www.bowling-media.com\/es\/?s={search_term_string}"},"query-input":{"@type":"PropertyValueSpecification","valueRequired":true,"valueName":"search_term_string"}}],"inLanguage":"es"},{"@type":"Organization","@id":"https:\/\/www.bowling-media.com\/es\/#organization","name":"Bowling Media","url":"https:\/\/www.bowling-media.com\/es\/","logo":{"@type":"ImageObject","inLanguage":"es","@id":"https:\/\/www.bowling-media.com\/es\/#\/schema\/logo\/image\/","url":"https:\/\/www.bowling-media.com\/wp-content\/uploads\/2023\/06\/bowling-media-color-2x.png","contentUrl":"https:\/\/www.bowling-media.com\/wp-content\/uploads\/2023\/06\/bowling-media-color-2x.png","width":350,"height":90,"caption":"Bowling Media"},"image":{"@id":"https:\/\/www.bowling-media.com\/es\/#\/schema\/logo\/image\/"},"sameAs":["https:\/\/www.facebook.com\/bowlingmedia"]}]}},"_links":{"self":[{"href":"https:\/\/www.bowling-media.com\/es\/wp-json\/wp\/v2\/pages\/8085","targetHints":{"allow":["GET"]}}],"collection":[{"href":"https:\/\/www.bowling-media.com\/es\/wp-json\/wp\/v2\/pages"}],"about":[{"href":"https:\/\/www.bowling-media.com\/es\/wp-json\/wp\/v2\/types\/page"}],"author":[{"embeddable":true,"href":"https:\/\/www.bowling-media.com\/es\/wp-json\/wp\/v2\/users\/1"}],"replies":[{"embeddable":true,"href":"https:\/\/www.bowling-media.com\/es\/wp-json\/wp\/v2\/comments?post=8085"}],"version-history":[{"count":2,"href":"https:\/\/www.bowling-media.com\/es\/wp-json\/wp\/v2\/pages\/8085\/revisions"}],"predecessor-version":[{"id":8087,"href":"https:\/\/www.bowling-media.com\/es\/wp-json\/wp\/v2\/pages\/8085\/revisions\/8087"}],"wp:attachment":[{"href":"https:\/\/www.bowling-media.com\/es\/wp-json\/wp\/v2\/media?parent=8085"}],"curies":[{"name":"wp","href":"https:\/\/api.w.org\/{rel}","templated":true}]}}