{"id":1081,"date":"2022-08-19T14:10:33","date_gmt":"2022-08-19T12:10:33","guid":{"rendered":"https:\/\/www.bowling-media.com\/mentions-legales\/"},"modified":"2026-03-09T13:33:12","modified_gmt":"2026-03-09T12:33:12","slug":"rechtliche-hinweise","status":"publish","type":"page","link":"https:\/\/www.bowling-media.com\/de\/rechtliche-hinweise\/","title":{"rendered":"Rechtliche Hinweise"},"content":{"rendered":"<div class=\"wpb-content-wrapper\"><p>[vc_row][vc_column][vc_column_text css=&#8220;&#8220;]<\/p>\n<h1 data-start=\"40\" data-end=\"63\"><strong data-start=\"40\" data-end=\"63\">Rechtliche Hinweise<\/strong><\/h1>\n<p data-start=\"65\" data-end=\"82\">Wer sind wir?<\/p>\n<h4 data-start=\"84\" data-end=\"106\"><strong data-start=\"84\" data-end=\"106\">SPRL Bowling Media<\/strong><\/h4>\n<p data-start=\"108\" data-end=\"185\">Ma\u00dfgeschneiderte digitale Anzeigesysteme f\u00fcr Ihr Freizeit- und Bowlingzentrum<\/p>\n<h4 data-start=\"187\" data-end=\"198\"><strong data-start=\"187\" data-end=\"198\">Mission<\/strong><\/h4>\n<p data-start=\"200\" data-end=\"362\">Ihr Freizeit- und Bowlingzentrum mit einem ma\u00dfgeschneiderten digitalen Anzeigesystem beleben, gesteuert durch eine leistungsstarke Software zur Inhaltsverteilung.<\/p>\n<h4 data-start=\"364\" data-end=\"375\"><strong data-start=\"364\" data-end=\"375\">Kontakt<\/strong><\/h4>\n<p data-start=\"377\" data-end=\"448\">SPRL Bowling Media<br data-start=\"395\" data-end=\"398\" \/>Rue de la Centrale, 9A<br data-start=\"434\" data-end=\"437\" \/>5190 Jemeppe-Sur-Sambre<\/p>\n<p data-start=\"450\" data-end=\"509\">+32 71 18 69 85<br data-start=\"466\" data-end=\"469\" \/><a class=\"decorated-link cursor-pointer\" rel=\"noopener\" data-start=\"469\" data-end=\"491\">info@bowling-media.com<\/a><br data-start=\"491\" data-end=\"494\" \/>BE 0693.708.762<\/p>\n<p data-start=\"511\" data-end=\"988\" data-is-last-node=\"\" data-is-only-node=\"\">SPRL Bowling Media verpflichtet sich, die geltenden gesetzlichen Bestimmungen in Belgien und Europa einzuhalten und setzt alles daran, eine unbefugte oder rechtswidrige Nutzung Ihrer personenbezogenen Daten zu verhindern. Zu diesem Zweck verwenden wir geeignete Verfahren und Systeme, damit nur autorisierte Personen Zugriff auf Ihre Informationen haben. Dar\u00fcber hinaus weisen wir darauf hin, dass diese Personen im Rahmen ihrer T\u00e4tigkeit zur Vertraulichkeit verpflichtet sind.<\/p>\n<p>[\/vc_column_text][\/vc_column][\/vc_row]<\/p>\n<\/div>","protected":false},"excerpt":{"rendered":"<p>[vc_row][vc_column][vc_column_text css=&#8220;&#8220;] Rechtliche Hinweise Wer sind wir? SPRL Bowling Media Ma\u00dfgeschneiderte digitale Anzeigesysteme f\u00fcr Ihr Freizeit- und Bowlingzentrum Mission Ihr Freizeit- und Bowlingzentrum mit einem ma\u00dfgeschneiderten digitalen Anzeigesystem beleben, gesteuert durch eine leistungsstarke Software zur Inhaltsverteilung. Kontakt SPRL Bowling MediaRue de la Centrale, 9A5190 Jemeppe-Sur-Sambre +32 71 18 69 85info@bowling-media.comBE 0693.708.762 SPRL Bowling Media verpflichtet&hellip;<\/p>\n","protected":false},"author":1,"featured_media":0,"parent":0,"menu_order":1000,"comment_status":"closed","ping_status":"closed","template":"","meta":{"inline_featured_image":false,"footnotes":""},"class_list":["post-1081","page","type-page","status-publish","hentry","description-off"],"yoast_head":"<!-- This site is optimized with the Yoast SEO plugin v27.4 - https:\/\/yoast.com\/product\/yoast-seo-wordpress\/ -->\n<title>Rechtliche Hinweise | Bowling Media<\/title>\n<meta name=\"robots\" content=\"index, follow, max-snippet:-1, max-image-preview:large, max-video-preview:-1\" \/>\n<link rel=\"canonical\" href=\"https:\/\/www.bowling-media.com\/de\/rechtliche-hinweise\/\" \/>\n<meta property=\"og:locale\" content=\"de_DE\" \/>\n<meta property=\"og:type\" content=\"article\" \/>\n<meta property=\"og:title\" content=\"Rechtliche Hinweise | Bowling Media\" \/>\n<meta property=\"og:description\" content=\"[vc_row][vc_column][vc_column_text css=&#8220;&#8220;] Rechtliche Hinweise Wer sind wir? SPRL Bowling Media Ma\u00dfgeschneiderte digitale Anzeigesysteme f\u00fcr Ihr Freizeit- und Bowlingzentrum Mission Ihr Freizeit- und Bowlingzentrum mit einem ma\u00dfgeschneiderten digitalen Anzeigesystem beleben, gesteuert durch eine leistungsstarke Software zur Inhaltsverteilung. Kontakt SPRL Bowling MediaRue de la Centrale, 9A5190 Jemeppe-Sur-Sambre +32 71 18 69 85info@bowling-media.comBE 0693.708.762 SPRL Bowling Media verpflichtet&hellip;\" \/>\n<meta property=\"og:url\" content=\"https:\/\/www.bowling-media.com\/de\/rechtliche-hinweise\/\" \/>\n<meta property=\"og:site_name\" content=\"Bowling Media\" \/>\n<meta property=\"article:publisher\" content=\"https:\/\/www.facebook.com\/bowlingmedia\" \/>\n<meta property=\"article:modified_time\" content=\"2026-03-09T12:33:12+00:00\" \/>\n<meta property=\"og:image\" content=\"https:\/\/www.bowling-media.com\/wp-content\/uploads\/2023\/06\/BOWLING-MEDIA-image_12.jpg\" \/>\n\t<meta property=\"og:image:width\" content=\"1920\" \/>\n\t<meta property=\"og:image:height\" content=\"694\" \/>\n\t<meta property=\"og:image:type\" content=\"image\/jpeg\" \/>\n<meta name=\"twitter:card\" content=\"summary_large_image\" \/>\n<meta name=\"twitter:label1\" content=\"Gesch\u00e4tzte Lesezeit\" \/>\n\t<meta name=\"twitter:data1\" content=\"1\u00a0Minute\" \/>\n<script type=\"application\/ld+json\" class=\"yoast-schema-graph\">{\"@context\":\"https:\\\/\\\/schema.org\",\"@graph\":[{\"@type\":\"WebPage\",\"@id\":\"https:\\\/\\\/www.bowling-media.com\\\/de\\\/rechtliche-hinweise\\\/\",\"url\":\"https:\\\/\\\/www.bowling-media.com\\\/de\\\/rechtliche-hinweise\\\/\",\"name\":\"Rechtliche Hinweise | Bowling Media\",\"isPartOf\":{\"@id\":\"https:\\\/\\\/www.bowling-media.com\\\/de\\\/#website\"},\"datePublished\":\"2022-08-19T12:10:33+00:00\",\"dateModified\":\"2026-03-09T12:33:12+00:00\",\"breadcrumb\":{\"@id\":\"https:\\\/\\\/www.bowling-media.com\\\/de\\\/rechtliche-hinweise\\\/#breadcrumb\"},\"inLanguage\":\"de\",\"potentialAction\":[{\"@type\":\"ReadAction\",\"target\":[\"https:\\\/\\\/www.bowling-media.com\\\/de\\\/rechtliche-hinweise\\\/\"]}]},{\"@type\":\"BreadcrumbList\",\"@id\":\"https:\\\/\\\/www.bowling-media.com\\\/de\\\/rechtliche-hinweise\\\/#breadcrumb\",\"itemListElement\":[{\"@type\":\"ListItem\",\"position\":1,\"name\":\"Accueil\",\"item\":\"https:\\\/\\\/www.bowling-media.com\\\/de\\\/\"},{\"@type\":\"ListItem\",\"position\":2,\"name\":\"Rechtliche Hinweise\"}]},{\"@type\":\"WebSite\",\"@id\":\"https:\\\/\\\/www.bowling-media.com\\\/de\\\/#website\",\"url\":\"https:\\\/\\\/www.bowling-media.com\\\/de\\\/\",\"name\":\"Bowling Media\",\"description\":\"\",\"publisher\":{\"@id\":\"https:\\\/\\\/www.bowling-media.com\\\/de\\\/#organization\"},\"potentialAction\":[{\"@type\":\"SearchAction\",\"target\":{\"@type\":\"EntryPoint\",\"urlTemplate\":\"https:\\\/\\\/www.bowling-media.com\\\/de\\\/?s={search_term_string}\"},\"query-input\":{\"@type\":\"PropertyValueSpecification\",\"valueRequired\":true,\"valueName\":\"search_term_string\"}}],\"inLanguage\":\"de\"},{\"@type\":\"Organization\",\"@id\":\"https:\\\/\\\/www.bowling-media.com\\\/de\\\/#organization\",\"name\":\"Bowling Media\",\"url\":\"https:\\\/\\\/www.bowling-media.com\\\/de\\\/\",\"logo\":{\"@type\":\"ImageObject\",\"inLanguage\":\"de\",\"@id\":\"https:\\\/\\\/www.bowling-media.com\\\/de\\\/#\\\/schema\\\/logo\\\/image\\\/\",\"url\":\"https:\\\/\\\/www.bowling-media.com\\\/wp-content\\\/uploads\\\/2023\\\/06\\\/bowling-media-color-2x.png\",\"contentUrl\":\"https:\\\/\\\/www.bowling-media.com\\\/wp-content\\\/uploads\\\/2023\\\/06\\\/bowling-media-color-2x.png\",\"width\":350,\"height\":90,\"caption\":\"Bowling Media\"},\"image\":{\"@id\":\"https:\\\/\\\/www.bowling-media.com\\\/de\\\/#\\\/schema\\\/logo\\\/image\\\/\"},\"sameAs\":[\"https:\\\/\\\/www.facebook.com\\\/bowlingmedia\"]}]}<\/script>\n<!-- \/ Yoast SEO plugin. -->","yoast_head_json":{"title":"Rechtliche Hinweise | Bowling Media","robots":{"index":"index","follow":"follow","max-snippet":"max-snippet:-1","max-image-preview":"max-image-preview:large","max-video-preview":"max-video-preview:-1"},"canonical":"https:\/\/www.bowling-media.com\/de\/rechtliche-hinweise\/","og_locale":"de_DE","og_type":"article","og_title":"Rechtliche Hinweise | Bowling Media","og_description":"[vc_row][vc_column][vc_column_text css=&#8220;&#8220;] Rechtliche Hinweise Wer sind wir? SPRL Bowling Media Ma\u00dfgeschneiderte digitale Anzeigesysteme f\u00fcr Ihr Freizeit- und Bowlingzentrum Mission Ihr Freizeit- und Bowlingzentrum mit einem ma\u00dfgeschneiderten digitalen Anzeigesystem beleben, gesteuert durch eine leistungsstarke Software zur Inhaltsverteilung. Kontakt SPRL Bowling MediaRue de la Centrale, 9A5190 Jemeppe-Sur-Sambre +32 71 18 69 85info@bowling-media.comBE 0693.708.762 SPRL Bowling Media verpflichtet&hellip;","og_url":"https:\/\/www.bowling-media.com\/de\/rechtliche-hinweise\/","og_site_name":"Bowling Media","article_publisher":"https:\/\/www.facebook.com\/bowlingmedia","article_modified_time":"2026-03-09T12:33:12+00:00","og_image":[{"width":1920,"height":694,"url":"https:\/\/www.bowling-media.com\/wp-content\/uploads\/2023\/06\/BOWLING-MEDIA-image_12.jpg","type":"image\/jpeg"}],"twitter_card":"summary_large_image","twitter_misc":{"Gesch\u00e4tzte Lesezeit":"1\u00a0Minute"},"schema":{"@context":"https:\/\/schema.org","@graph":[{"@type":"WebPage","@id":"https:\/\/www.bowling-media.com\/de\/rechtliche-hinweise\/","url":"https:\/\/www.bowling-media.com\/de\/rechtliche-hinweise\/","name":"Rechtliche Hinweise | Bowling Media","isPartOf":{"@id":"https:\/\/www.bowling-media.com\/de\/#website"},"datePublished":"2022-08-19T12:10:33+00:00","dateModified":"2026-03-09T12:33:12+00:00","breadcrumb":{"@id":"https:\/\/www.bowling-media.com\/de\/rechtliche-hinweise\/#breadcrumb"},"inLanguage":"de","potentialAction":[{"@type":"ReadAction","target":["https:\/\/www.bowling-media.com\/de\/rechtliche-hinweise\/"]}]},{"@type":"BreadcrumbList","@id":"https:\/\/www.bowling-media.com\/de\/rechtliche-hinweise\/#breadcrumb","itemListElement":[{"@type":"ListItem","position":1,"name":"Accueil","item":"https:\/\/www.bowling-media.com\/de\/"},{"@type":"ListItem","position":2,"name":"Rechtliche Hinweise"}]},{"@type":"WebSite","@id":"https:\/\/www.bowling-media.com\/de\/#website","url":"https:\/\/www.bowling-media.com\/de\/","name":"Bowling Media","description":"","publisher":{"@id":"https:\/\/www.bowling-media.com\/de\/#organization"},"potentialAction":[{"@type":"SearchAction","target":{"@type":"EntryPoint","urlTemplate":"https:\/\/www.bowling-media.com\/de\/?s={search_term_string}"},"query-input":{"@type":"PropertyValueSpecification","valueRequired":true,"valueName":"search_term_string"}}],"inLanguage":"de"},{"@type":"Organization","@id":"https:\/\/www.bowling-media.com\/de\/#organization","name":"Bowling Media","url":"https:\/\/www.bowling-media.com\/de\/","logo":{"@type":"ImageObject","inLanguage":"de","@id":"https:\/\/www.bowling-media.com\/de\/#\/schema\/logo\/image\/","url":"https:\/\/www.bowling-media.com\/wp-content\/uploads\/2023\/06\/bowling-media-color-2x.png","contentUrl":"https:\/\/www.bowling-media.com\/wp-content\/uploads\/2023\/06\/bowling-media-color-2x.png","width":350,"height":90,"caption":"Bowling Media"},"image":{"@id":"https:\/\/www.bowling-media.com\/de\/#\/schema\/logo\/image\/"},"sameAs":["https:\/\/www.facebook.com\/bowlingmedia"]}]}},"_links":{"self":[{"href":"https:\/\/www.bowling-media.com\/de\/wp-json\/wp\/v2\/pages\/1081","targetHints":{"allow":["GET"]}}],"collection":[{"href":"https:\/\/www.bowling-media.com\/de\/wp-json\/wp\/v2\/pages"}],"about":[{"href":"https:\/\/www.bowling-media.com\/de\/wp-json\/wp\/v2\/types\/page"}],"author":[{"embeddable":true,"href":"https:\/\/www.bowling-media.com\/de\/wp-json\/wp\/v2\/users\/1"}],"replies":[{"embeddable":true,"href":"https:\/\/www.bowling-media.com\/de\/wp-json\/wp\/v2\/comments?post=1081"}],"version-history":[{"count":4,"href":"https:\/\/www.bowling-media.com\/de\/wp-json\/wp\/v2\/pages\/1081\/revisions"}],"predecessor-version":[{"id":7768,"href":"https:\/\/www.bowling-media.com\/de\/wp-json\/wp\/v2\/pages\/1081\/revisions\/7768"}],"wp:attachment":[{"href":"https:\/\/www.bowling-media.com\/de\/wp-json\/wp\/v2\/media?parent=1081"}],"curies":[{"name":"wp","href":"https:\/\/api.w.org\/{rel}","templated":true}]}}