{"id":1077,"date":"2023-06-06T16:40:02","date_gmt":"2023-06-06T14:40:02","guid":{"rendered":"https:\/\/www.bowling-media.com\/contact\/"},"modified":"2025-10-29T16:47:24","modified_gmt":"2025-10-29T15:47:24","slug":"kontakt","status":"publish","type":"page","link":"https:\/\/www.bowling-media.com\/de\/kontakt\/","title":{"rendered":"Kontakt"},"content":{"rendered":"<div class=\"wpb-content-wrapper\"><p>[vc_row gap=&#8220;10&#8243; equal_height=&#8220;yes&#8220;][vc_column width=&#8220;1\/2&#8243;][vc_column_text]M\u00f6chten Sie Ihrem <strong>Freizeitcenter<\/strong> oder Ihrer <strong>Bowlingbahn<\/strong> mit unserem <strong>ma\u00dfgefertigten digitalen Anzeigesystem<\/strong> mehr <strong>Dynamik<\/strong> verleihen? Haben Sie <strong>Fragen<\/strong> zu unseren Dienstleistungen? Wenden Sie sich an unser Team und erz\u00e4hlen Sie von Ihrem Projekt.[\/vc_column_text][\/vc_column][vc_column width=&#8220;1\/4&#8243; offset=&#8220;vc_col-xs-6&#8243;]<div class=\"ult-just-icon-wrapper   vc_custom_1686231076292\"><div class=\"align-icon\" style=\"text-align:left;\">\n<div class=\"aio-icon none \" data-animation=\"fadeInLeft\" data-animation-delay=\"03\" style=\"color:#f7263b;font-size:80px;\">\n\t<i class=\"icomoon-the7-font-the7-phone-02\"><\/i>\n<\/div><\/div><\/div>[vc_column_text css=&#8220;&#8220;]<strong>Ruf uns an<\/strong><br \/>\nUS :&nbsp;<a class=\"c-link c-link--underline\" href=\"tel:+13025249877\" target=\"_blank\" rel=\"noopener noreferrer\" data-stringify-link=\"tel:+13025249877\" data-sk=\"tooltip_parent\">+&nbsp;<\/a><a class=\"c-link c-link--underline\" href=\"tel:13025249877\" target=\"_blank\" rel=\"noopener noreferrer\" data-stringify-link=\"tel:13025249877\" data-sk=\"tooltip_parent\">1 302 524 9877<\/a><br aria-hidden=\"true\">Belgien : <a href=\"tel:+3271186985\">0 (+32) 71186985<\/a>[\/vc_column_text][\/vc_column][vc_column width=&#8220;1\/4&#8243; offset=&#8220;vc_col-xs-6&#8243;]<div class=\"ult-just-icon-wrapper   vc_custom_1686231081508\"><div class=\"align-icon\" style=\"text-align:left;\">\n<a class=\"aio-tooltip 69f8a5f8b0552\" href=\"https:\/\/www.facebook.com\/bowlingmedia\" title=\"Facebook\" target=\"_blank\" rel=\"noopener\"  data-toggle=\"tooltip\" data-placement=\"\"><div class=\"aio-icon none \" data-animation=\"fadeInLeft\" data-animation-delay=\"03\" style=\"color:#f7263b;font-size:80px;\">\n\t<i class=\"icomoon-the7-font-facebook\"><\/i>\n<\/div><\/a><\/div><\/div>[vc_column_text]<strong>Mit uns chatten<\/strong><br \/>\nsur Facebook[\/vc_column_text][\/vc_column][\/vc_row][vc_row bg_type=&#8220;bg_color&#8220; bg_override=&#8220;ex-full&#8220; bg_color_value=&#8220;#f9f9f9&#8243;][vc_column width=&#8220;5\/6&#8243; offset=&#8220;vc_col-lg-offset-3 vc_col-lg-6 vc_col-md-offset-2 vc_col-md-8 vc_col-sm-offset-1&#8243;][vc_column_text]<\/p>\n<h2>Senden Sie uns Ihre Anfrage<\/h2>\n<p>[\/vc_column_text][vc_raw_html css=&#8220;&#8220;]JTNDaWZyYW1lJTIwc3JjJTNEJTIyaHR0cHMlM0ElMkYlMkZib3dsaW5nLW1lZGlhLm9kb28uY29tJTJGZGUlMkZtYWluLWNvbnRhY3QlMjIlMjBzdHlsZSUzRCUyMmJvcmRlciUzQTBweCUyMCUyM2ZmZmZmZiUyMG5vbmUlM0IlMjIlMjBuYW1lJTNEJTIyY29udGFjdC1kZS1vZG9vJTIyJTIwc2Nyb2xsaW5nJTNEJTIybm8lMjIlMjBmcmFtZWJvcmRlciUzRCUyMjAlMjIlMjBtYXJnaW5oZWlnaHQlM0QlMjIwcHglMjIlMjBtYXJnaW53aWR0aCUzRCUyMjBweCUyMiUyMGhlaWdodCUzRCUyMjYwMHB4JTIyJTIwd2lkdGglM0QlMjI2MDBweCUyMiUyMGFsbG93ZnVsbHNjcmVlbiUzRSUzQyUyRmlmcmFtZSUzRQ==[\/vc_raw_html][\/vc_column][\/vc_row][vc_row bg_type=&#8220;bg_color&#8220; bg_override=&#8220;ex-full&#8220; ult_hide_row=&#8220;ult_hide_row_value&#8220; ult_hide_row_large_screen=&#8220;large_screen&#8220; ult_hide_row_desktop=&#8220;desktop&#8220; ult_hide_row_tablet=&#8220;tablet&#8220; ult_hide_row_tablet_small=&#8220;xs_tablet&#8220; ult_hide_row_mobile=&#8220;mobile&#8220; ult_hide_row_mobile_large=&#8220;xl_mobile&#8220; bg_color_value=&#8220;#2ec3d6&#8243;][vc_column width=&#8220;5\/6&#8243; offset=&#8220;vc_col-lg-offset-3 vc_col-lg-6 vc_col-md-offset-2 vc_col-md-8 vc_col-sm-offset-1&#8243;][vc_column_text]<\/p>\n<h2>Senden Sie uns Ihre Anfrage<\/h2>\n<p>[\/vc_column_text][vc_column_text]<\/p>\n<h2>Einen Kostenvoranschlag anfordern<\/h2>\n<p>[\/vc_column_text]\n<div class=\"wpcf7 no-js\" id=\"wpcf7-f1111-o1\" lang=\"de-DE\" dir=\"ltr\" data-wpcf7-id=\"1111\">\n<div class=\"screen-reader-response\"><p role=\"status\" aria-live=\"polite\" aria-atomic=\"true\"><\/p> <ul><\/ul><\/div>\n<form action=\"\/de\/wp-json\/wp\/v2\/pages\/1077#wpcf7-f1111-o1\" method=\"post\" class=\"wpcf7-form init cf7mls-no-scroll cf7mls-auto-return-first-step cf7mls-no-moving-animation\" aria-label=\"Kontaktformular\" novalidate=\"novalidate\" data-status=\"init\">\n<fieldset class=\"hidden-fields-container\"><input type=\"hidden\" name=\"_wpcf7\" value=\"1111\" \/><input type=\"hidden\" name=\"_wpcf7_version\" value=\"6.1.4\" \/><input type=\"hidden\" name=\"_wpcf7_locale\" value=\"de_DE\" \/><input type=\"hidden\" name=\"_wpcf7_unit_tag\" value=\"wpcf7-f1111-o1\" \/><input type=\"hidden\" name=\"_wpcf7_container_post\" value=\"0\" \/><input type=\"hidden\" name=\"_wpcf7_posted_data_hash\" value=\"\" \/><input type=\"hidden\" name=\"_wpcf7_recaptcha_response\" value=\"\" \/>\n<\/fieldset>\n<p><label>Vorname *<\/label><br \/>\n<span class=\"wpcf7-form-control-wrap\" data-name=\"prenom\"><input size=\"40\" maxlength=\"400\" class=\"wpcf7-form-control wpcf7-text wpcf7-validates-as-required\" aria-required=\"true\" aria-invalid=\"false\" value=\"\" type=\"text\" name=\"prenom\" \/><\/span>\n<\/p>\n<p><label>Name *<\/label><br \/>\n<span class=\"wpcf7-form-control-wrap\" data-name=\"nom\"><input size=\"40\" maxlength=\"400\" class=\"wpcf7-form-control wpcf7-text wpcf7-validates-as-required\" aria-required=\"true\" aria-invalid=\"false\" value=\"\" type=\"text\" name=\"nom\" \/><\/span>\n<\/p>\n<p><label>E-Mail-Adresse *<\/label><br \/>\n<span class=\"wpcf7-form-control-wrap\" data-name=\"email\"><input size=\"40\" maxlength=\"400\" class=\"wpcf7-form-control wpcf7-email wpcf7-validates-as-required wpcf7-text wpcf7-validates-as-email\" aria-required=\"true\" aria-invalid=\"false\" value=\"\" type=\"email\" name=\"email\" \/><\/span>\n<\/p>\n<p><label>Telefonnummer *<\/label><br \/>\n<span class=\"wpcf7-form-control-wrap\" data-name=\"telephone\"><input size=\"40\" maxlength=\"400\" class=\"wpcf7-form-control wpcf7-tel wpcf7-validates-as-required wpcf7-text wpcf7-validates-as-tel\" aria-required=\"true\" aria-invalid=\"false\" value=\"\" type=\"tel\" name=\"telephone\" \/><\/span>\n<\/p>\n<p><label>Nachricht *<\/label><br \/>\n<span class=\"wpcf7-form-control-wrap\" data-name=\"message\"><textarea cols=\"1\" rows=\"3\" maxlength=\"2000\" class=\"wpcf7-form-control wpcf7-textarea wpcf7-validates-as-required\" aria-required=\"true\" aria-invalid=\"false\" name=\"message\"><\/textarea><\/span>\n<\/p>\n<p>Durch das Absenden dieses Formulars erkl\u00e4ren Sie sich damit einverstanden, dass Bowling Media die gesammelten Informationen speichert und verwendet, um Ihre Anfrage zu bearbeiten. Wenn Sie mehr \u00fcber unsere Datenschutzrichtlinie erfahren m\u00f6chten, finden Sie sie <a href=\"https:\/\/www.bowling-media.com\/de\/datenschutzrichtlinie\/\" target=\"_blank\">hier<\/a>.\n<\/p>\n<p><span class=\"wpcf7-form-control-wrap\" data-name=\"privacy\"><span class=\"wpcf7-form-control wpcf7-acceptance\"><span class=\"wpcf7-list-item\"><label><input type=\"checkbox\" name=\"privacy\" value=\"1\" aria-invalid=\"false\" \/><span class=\"wpcf7-list-item-label\">Ja, ich gebe meine Zustimmung *<\/span><\/label><\/span><\/span><\/span>\n<\/p>\n<p><input class=\"wpcf7-form-control wpcf7-submit has-spinner\" type=\"submit\" value=\"Senden\" \/>\n<\/p>\n<style>\n.grecaptcha-badge{display:block;}\n<\/style><div class=\"wpcf7-response-output\" aria-hidden=\"true\"><\/div>\n<\/form>\n<\/div>\n[\/vc_column][\/vc_row]<\/p>\n<\/div>","protected":false},"excerpt":{"rendered":"<p>[vc_row gap=&#8220;10&#8243; equal_height=&#8220;yes&#8220;][vc_column width=&#8220;1\/2&#8243;][vc_column_text]M\u00f6chten Sie Ihrem Freizeitcenter oder Ihrer Bowlingbahn mit unserem ma\u00dfgefertigten digitalen Anzeigesystem mehr Dynamik verleihen? Haben Sie Fragen zu unseren Dienstleistungen? Wenden Sie sich an unser Team und erz\u00e4hlen Sie von Ihrem Projekt.[\/vc_column_text][\/vc_column][vc_column width=&#8220;1\/4&#8243; offset=&#8220;vc_col-xs-6&#8243;][vc_column_text css=&#8220;&#8220;]Ruf uns an US :&nbsp;+&nbsp;1 302 524 9877Belgien : 0 (+32) 71186985[\/vc_column_text][\/vc_column][vc_column width=&#8220;1\/4&#8243; offset=&#8220;vc_col-xs-6&#8243;][vc_column_text]Mit uns chatten sur&hellip;<\/p>\n","protected":false},"author":1,"featured_media":0,"parent":0,"menu_order":8,"comment_status":"closed","ping_status":"closed","template":"","meta":{"inline_featured_image":false,"footnotes":""},"class_list":["post-1077","page","type-page","status-publish","hentry","description-off"],"yoast_head":"<!-- This site is optimized with the Yoast SEO plugin v27.5 - https:\/\/yoast.com\/product\/yoast-seo-wordpress\/ -->\n<title>Kontakt - LED-Bildschirme nach Ma\u00df f\u00fcr Freizeitcenter<\/title>\n<meta name=\"description\" content=\"Eine Anfrage? Kontaktieren Sie unser Team und wir starten Ihr Projekt f\u00fcr LED-Bildschirme nach Ma\u00df f\u00fcr Ihre Bowlingbahn oder Ihr Freizeitcenter.\" \/>\n<meta name=\"robots\" content=\"index, follow, max-snippet:-1, max-image-preview:large, max-video-preview:-1\" \/>\n<link rel=\"canonical\" href=\"https:\/\/www.bowling-media.com\/de\/kontakt\/\" \/>\n<meta property=\"og:locale\" content=\"de_DE\" \/>\n<meta property=\"og:type\" content=\"article\" \/>\n<meta property=\"og:title\" content=\"Kontakt - LED-Bildschirme nach Ma\u00df f\u00fcr Freizeitcenter\" \/>\n<meta property=\"og:description\" content=\"Eine Anfrage? Kontaktieren Sie unser Team und wir starten Ihr Projekt f\u00fcr LED-Bildschirme nach Ma\u00df f\u00fcr Ihre Bowlingbahn oder Ihr Freizeitcenter.\" \/>\n<meta property=\"og:url\" content=\"https:\/\/www.bowling-media.com\/de\/kontakt\/\" \/>\n<meta property=\"og:site_name\" content=\"Bowling Media\" \/>\n<meta property=\"article:publisher\" content=\"https:\/\/www.facebook.com\/bowlingmedia\" \/>\n<meta property=\"article:modified_time\" content=\"2025-10-29T15:47:24+00:00\" \/>\n<meta property=\"og:image\" content=\"https:\/\/www.bowling-media.com\/wp-content\/uploads\/2023\/06\/BOWLING-MEDIA-image_12.jpg\" \/>\n\t<meta property=\"og:image:width\" content=\"1920\" \/>\n\t<meta property=\"og:image:height\" content=\"694\" \/>\n\t<meta property=\"og:image:type\" content=\"image\/jpeg\" \/>\n<meta name=\"twitter:card\" content=\"summary_large_image\" \/>\n<meta name=\"twitter:label1\" content=\"Gesch\u00e4tzte Lesezeit\" \/>\n\t<meta name=\"twitter:data1\" content=\"1\u00a0Minute\" \/>\n<script type=\"application\/ld+json\" class=\"yoast-schema-graph\">{\"@context\":\"https:\\\/\\\/schema.org\",\"@graph\":[{\"@type\":\"WebPage\",\"@id\":\"https:\\\/\\\/www.bowling-media.com\\\/de\\\/kontakt\\\/\",\"url\":\"https:\\\/\\\/www.bowling-media.com\\\/de\\\/kontakt\\\/\",\"name\":\"Kontakt - LED-Bildschirme nach Ma\u00df f\u00fcr Freizeitcenter\",\"isPartOf\":{\"@id\":\"https:\\\/\\\/www.bowling-media.com\\\/de\\\/#website\"},\"datePublished\":\"2023-06-06T14:40:02+00:00\",\"dateModified\":\"2025-10-29T15:47:24+00:00\",\"description\":\"Eine Anfrage? Kontaktieren Sie unser Team und wir starten Ihr Projekt f\u00fcr LED-Bildschirme nach Ma\u00df f\u00fcr Ihre Bowlingbahn oder Ihr Freizeitcenter.\",\"breadcrumb\":{\"@id\":\"https:\\\/\\\/www.bowling-media.com\\\/de\\\/kontakt\\\/#breadcrumb\"},\"inLanguage\":\"de\",\"potentialAction\":[{\"@type\":\"ReadAction\",\"target\":[\"https:\\\/\\\/www.bowling-media.com\\\/de\\\/kontakt\\\/\"]}]},{\"@type\":\"BreadcrumbList\",\"@id\":\"https:\\\/\\\/www.bowling-media.com\\\/de\\\/kontakt\\\/#breadcrumb\",\"itemListElement\":[{\"@type\":\"ListItem\",\"position\":1,\"name\":\"Accueil\",\"item\":\"https:\\\/\\\/www.bowling-media.com\\\/de\\\/\"},{\"@type\":\"ListItem\",\"position\":2,\"name\":\"Kontakt\"}]},{\"@type\":\"WebSite\",\"@id\":\"https:\\\/\\\/www.bowling-media.com\\\/de\\\/#website\",\"url\":\"https:\\\/\\\/www.bowling-media.com\\\/de\\\/\",\"name\":\"Bowling Media\",\"description\":\"\",\"publisher\":{\"@id\":\"https:\\\/\\\/www.bowling-media.com\\\/de\\\/#organization\"},\"potentialAction\":[{\"@type\":\"SearchAction\",\"target\":{\"@type\":\"EntryPoint\",\"urlTemplate\":\"https:\\\/\\\/www.bowling-media.com\\\/de\\\/?s={search_term_string}\"},\"query-input\":{\"@type\":\"PropertyValueSpecification\",\"valueRequired\":true,\"valueName\":\"search_term_string\"}}],\"inLanguage\":\"de\"},{\"@type\":\"Organization\",\"@id\":\"https:\\\/\\\/www.bowling-media.com\\\/de\\\/#organization\",\"name\":\"Bowling Media\",\"url\":\"https:\\\/\\\/www.bowling-media.com\\\/de\\\/\",\"logo\":{\"@type\":\"ImageObject\",\"inLanguage\":\"de\",\"@id\":\"https:\\\/\\\/www.bowling-media.com\\\/de\\\/#\\\/schema\\\/logo\\\/image\\\/\",\"url\":\"https:\\\/\\\/www.bowling-media.com\\\/wp-content\\\/uploads\\\/2023\\\/06\\\/bowling-media-color-2x.png\",\"contentUrl\":\"https:\\\/\\\/www.bowling-media.com\\\/wp-content\\\/uploads\\\/2023\\\/06\\\/bowling-media-color-2x.png\",\"width\":350,\"height\":90,\"caption\":\"Bowling Media\"},\"image\":{\"@id\":\"https:\\\/\\\/www.bowling-media.com\\\/de\\\/#\\\/schema\\\/logo\\\/image\\\/\"},\"sameAs\":[\"https:\\\/\\\/www.facebook.com\\\/bowlingmedia\"]}]}<\/script>\n<!-- \/ Yoast SEO plugin. -->","yoast_head_json":{"title":"Kontakt - LED-Bildschirme nach Ma\u00df f\u00fcr Freizeitcenter","description":"Eine Anfrage? Kontaktieren Sie unser Team und wir starten Ihr Projekt f\u00fcr LED-Bildschirme nach Ma\u00df f\u00fcr Ihre Bowlingbahn oder Ihr Freizeitcenter.","robots":{"index":"index","follow":"follow","max-snippet":"max-snippet:-1","max-image-preview":"max-image-preview:large","max-video-preview":"max-video-preview:-1"},"canonical":"https:\/\/www.bowling-media.com\/de\/kontakt\/","og_locale":"de_DE","og_type":"article","og_title":"Kontakt - LED-Bildschirme nach Ma\u00df f\u00fcr Freizeitcenter","og_description":"Eine Anfrage? Kontaktieren Sie unser Team und wir starten Ihr Projekt f\u00fcr LED-Bildschirme nach Ma\u00df f\u00fcr Ihre Bowlingbahn oder Ihr Freizeitcenter.","og_url":"https:\/\/www.bowling-media.com\/de\/kontakt\/","og_site_name":"Bowling Media","article_publisher":"https:\/\/www.facebook.com\/bowlingmedia","article_modified_time":"2025-10-29T15:47:24+00:00","og_image":[{"width":1920,"height":694,"url":"https:\/\/www.bowling-media.com\/wp-content\/uploads\/2023\/06\/BOWLING-MEDIA-image_12.jpg","type":"image\/jpeg"}],"twitter_card":"summary_large_image","twitter_misc":{"Gesch\u00e4tzte Lesezeit":"1\u00a0Minute"},"schema":{"@context":"https:\/\/schema.org","@graph":[{"@type":"WebPage","@id":"https:\/\/www.bowling-media.com\/de\/kontakt\/","url":"https:\/\/www.bowling-media.com\/de\/kontakt\/","name":"Kontakt - LED-Bildschirme nach Ma\u00df f\u00fcr Freizeitcenter","isPartOf":{"@id":"https:\/\/www.bowling-media.com\/de\/#website"},"datePublished":"2023-06-06T14:40:02+00:00","dateModified":"2025-10-29T15:47:24+00:00","description":"Eine Anfrage? Kontaktieren Sie unser Team und wir starten Ihr Projekt f\u00fcr LED-Bildschirme nach Ma\u00df f\u00fcr Ihre Bowlingbahn oder Ihr Freizeitcenter.","breadcrumb":{"@id":"https:\/\/www.bowling-media.com\/de\/kontakt\/#breadcrumb"},"inLanguage":"de","potentialAction":[{"@type":"ReadAction","target":["https:\/\/www.bowling-media.com\/de\/kontakt\/"]}]},{"@type":"BreadcrumbList","@id":"https:\/\/www.bowling-media.com\/de\/kontakt\/#breadcrumb","itemListElement":[{"@type":"ListItem","position":1,"name":"Accueil","item":"https:\/\/www.bowling-media.com\/de\/"},{"@type":"ListItem","position":2,"name":"Kontakt"}]},{"@type":"WebSite","@id":"https:\/\/www.bowling-media.com\/de\/#website","url":"https:\/\/www.bowling-media.com\/de\/","name":"Bowling Media","description":"","publisher":{"@id":"https:\/\/www.bowling-media.com\/de\/#organization"},"potentialAction":[{"@type":"SearchAction","target":{"@type":"EntryPoint","urlTemplate":"https:\/\/www.bowling-media.com\/de\/?s={search_term_string}"},"query-input":{"@type":"PropertyValueSpecification","valueRequired":true,"valueName":"search_term_string"}}],"inLanguage":"de"},{"@type":"Organization","@id":"https:\/\/www.bowling-media.com\/de\/#organization","name":"Bowling Media","url":"https:\/\/www.bowling-media.com\/de\/","logo":{"@type":"ImageObject","inLanguage":"de","@id":"https:\/\/www.bowling-media.com\/de\/#\/schema\/logo\/image\/","url":"https:\/\/www.bowling-media.com\/wp-content\/uploads\/2023\/06\/bowling-media-color-2x.png","contentUrl":"https:\/\/www.bowling-media.com\/wp-content\/uploads\/2023\/06\/bowling-media-color-2x.png","width":350,"height":90,"caption":"Bowling Media"},"image":{"@id":"https:\/\/www.bowling-media.com\/de\/#\/schema\/logo\/image\/"},"sameAs":["https:\/\/www.facebook.com\/bowlingmedia"]}]}},"_links":{"self":[{"href":"https:\/\/www.bowling-media.com\/de\/wp-json\/wp\/v2\/pages\/1077","targetHints":{"allow":["GET"]}}],"collection":[{"href":"https:\/\/www.bowling-media.com\/de\/wp-json\/wp\/v2\/pages"}],"about":[{"href":"https:\/\/www.bowling-media.com\/de\/wp-json\/wp\/v2\/types\/page"}],"author":[{"embeddable":true,"href":"https:\/\/www.bowling-media.com\/de\/wp-json\/wp\/v2\/users\/1"}],"replies":[{"embeddable":true,"href":"https:\/\/www.bowling-media.com\/de\/wp-json\/wp\/v2\/comments?post=1077"}],"version-history":[{"count":6,"href":"https:\/\/www.bowling-media.com\/de\/wp-json\/wp\/v2\/pages\/1077\/revisions"}],"predecessor-version":[{"id":5957,"href":"https:\/\/www.bowling-media.com\/de\/wp-json\/wp\/v2\/pages\/1077\/revisions\/5957"}],"wp:attachment":[{"href":"https:\/\/www.bowling-media.com\/de\/wp-json\/wp\/v2\/media?parent=1077"}],"curies":[{"name":"wp","href":"https:\/\/api.w.org\/{rel}","templated":true}]}}